{"id":76,"date":"2015-02-26T13:39:52","date_gmt":"2015-02-26T12:39:52","guid":{"rendered":"http:\/\/automobilklublodzki.pl\/kzk\/?page_id=76"},"modified":"2022-03-16T20:11:14","modified_gmt":"2022-03-16T19:11:14","slug":"regulamin","status":"publish","type":"page","link":"https:\/\/automobilklublodzki.pl\/sprint\/regulamin\/","title":{"rendered":"REGULAMINY"},"content":{"rendered":"<p><a href=\"https:\/\/pzm.pl\/pliki\/zo\/lodz\/regulaminy\/regulamin_ramowy_mol_2022.pdf\">Regulamin ramowy MO\u0141 w KJS 2022<\/a><\/p>\n<p><a href=\"https:\/\/automobilklublodzki.pl\/sprint\/wp-content\/uploads\/2022\/03\/reg_uzup_tuszyn_22.pdf\">Regulamin uzupe\u0142niaj\u0105cy 1 Runda MO\u0141 2022<\/a><\/p>\n<p><!--\n\n\n<p style=\"text-align: center;\"><a href=\"https:\/\/automobilklublodzki.pl\/sprint\/wp-content\/uploads\/2015\/02\/regulamin_uzup_KZK_2018.pdf\">Pobierz regulamin uzupe\u0142niaj\u0105cy KZK MOTODROM 2018 w PDF<\/a><\/p>\n\n\n\n\n\n\n<hr \/>\n\n\n\n\n\n<h3 style=\"text-align: center;\"><strong><i>Regulamin\npr\u00f3by zr\u0119czno\u015bciowej<\/i><\/strong>\n<strong> <i>\"Motodrom Challenge 2018\"<\/i><\/strong>\n<strong> <em> w sezonie 2018<\/em><\/strong><\/h3>\n\n\n\n\n<ol>\n \t\n\n<li>Pr\u00f3ba zr\u0119czno\u015bciowa\u00a0\"Najlepszy z najlepszych\", zwana dalej nzn, organizowana jest przez Automobilklub \u0141\u00f3dzki. Pr\u00f3ba jest og\u00f3lnodost\u0119pna.<\/li>\n\n\n \t\n\n<li style=\"text-align: justify;\">Uczestnikiem, zwanym dalej kierowc\u0105, mo\u017ce zosta\u0107 ka\u017cda osoba, kt\u00f3ra uko\u0144czy\u0142a 18 rok \u017cycia, posiada prawo jazdy kategorii B, w\u0142asny samoch\u00f3d spe\u0142niaj\u0105cy warunki dopuszczenia do ruchu drogowego oraz spe\u0142nia\u0107 wymogi zdrowotne oraz trze\u017awo\u015bci.\nW przypadku ch\u0119ci uczestnictwa samochodem, kt\u00f3rego w\u0142a\u015bcicielem jest inna osoba, wymagane jest pisemne o\u015bwiadczenie od w\u0142a\u015bciciela o u\u017cyczeniu pojazdu do startu w konkursie.\nKierowca mo\u017ce uczestniczy\u0107 w\u00a0pr\u00f3bie sam, bez pilota oraz pasa\u017cer\u00f3w. W przeciwnym wypadku nie zostanie dopuszczony do startu w pr\u00f3bie.<\/li>\n\n\n \t\n\n<li style=\"text-align: justify;\">Do udzia\u0142u w\u00a0konkursie dopuszczone s\u0105 samochody na bazie podwozia samochodu osobowego ze sztywnym zamkni\u0119tym dachem, posiadaj\u0105ce wszystkie dokumenty wymagane przez PoRD umo\u017cliwiaj\u0105ce mu poruszanie si\u0119 po drogach publicznych, w szczeg\u00f3lno\u015bci wa\u017cny przegl\u0105d techniczny oraz op\u0142acone ubezpieczenie OC. Poziom emisji ha\u0142asu przez samoch\u00f3d uczestnika nie mo\u017ce przekracza\u0107 93 db(A) (mierzony przy 3500 obr\/min.).<\/li>\n\n\n \t\n\n<li style=\"text-align: justify;\">Uczestnikiem zostaje osoba, kt\u00f3ra spe\u0142nia powy\u017csze warunki, wype\u0142ni\u0142a w spos\u00f3b czytelny kart\u0119 zg\u0142oszeniow\u0105, op\u0142aci\u0142a wpisowe i otrzyma\u0142a numer startowy.\nKierowca wype\u0142nia zg\u0142oszenie w Biurze Imprezy. Wszystkie pola zg\u0142oszenia musz\u0105 zosta\u0107 wype\u0142nione a zg\u0142oszenie podpisane przez kierowc\u0119. Organizator ma prawo nie przyj\u0105\u0107 niepe\u0142nego zg\u0142oszenia.\nUczestnicy sk\u0142adaj\u0105c zg\u0142oszenie akceptuj\u0105 niniejszy regulamin i b\u0119d\u0105 si\u0119 do niego stosowali bezwzgl\u0119dnie, jak i do polece\u0144 organizatora\/s\u0119dzi\u00f3w.<\/li>\n\n\n \t\n\n<li style=\"text-align: justify;\">Organizator przewiduje organizowanie Bada\u0144 Kontrolnych, zwanych dalej BK. W przypadku podejrzenia nieprawid\u0142owo\u015bci wynikaj\u0105cych z punktu 3, organizator mo\u017ce przeprowadzi\u0107 wyrywkowe BK. Je\u017celi uczestnik nie spe\u0142ni wspomnianych wymog\u00f3w, zostanie wykluczony z udzia\u0142u w pr\u00f3bie.\nOdmowa przeprowadzenia BK skutkuje wykluczeniem z konkursu.<\/li>\n\n\n \t\n\n<li style=\"text-align: justify;\">Podczas pr\u00f3by, uczestnik nie mo\u017ce starowa\u0107 innych samochodem, ni\u017c zg\u0142oszony.<\/li>\n\n\n \t\n\n<li style=\"text-align: justify;\">Aby wystartowa\u0107 w pr\u00f3bie, kierowca powinien ustawi\u0107 si\u0119 przed wyznaczon\u0105 lini\u0105 startu w odpowiedniej kolejno\u015bci, wed\u0142ug numer\u00f3w startowych. Samoch\u00f3d musi posiada\u0107 w\u0142\u0105czone \u015bwiat\u0142a mijania, zamkni\u0119te wszystkie szyby oraz szyberdach. Kierowca musi posiada\u0107 zapi\u0119te pasy bezpiecze\u0144stwa. Nie umocowane regulaminowo pasy szelkowe nie uprawniaj\u0105 zawodnika do startu.\nNumer startowy powinien by\u0107 umieszczony na boku samochodu od strony s\u0119dziego startuj\u0105cego. Nie posiadanie numeru startowego w opisanym miejscu b\u0119dzie skutkowa\u0142o wstrzymaniem startu do momentu umieszczenia numeru we w\u0142a\u015bciwym miejscu.\nDo startu\u00a0obowi\u0105zkowe s\u0105 kaski ochronne\u00a0(homologacja producenta \u201eE\u201d lub homologacja FIA (aktualna lub utracona)) nie posiadaj\u0105ce wysuni\u0119tej szcz\u0119ki.\nProcedura startu odbywa si\u0119 elektronicznie lub r\u0119cznie.\nCzas liczony jest z dok\u0142adno\u015bci\u0105 do 0,01.\nStart elektroniczny dokonywany jest za pomoc\u0105 aparatury pomiarowej z u\u017cyciem sygnalizatora \u015bwietlnego. Kierowca ustawia si\u0119 na starcie na podstawie wskaza\u0144 sygnalizatora:\n\u2022\u00a0Wygaszony sygnalizator \u2013 podjed\u017a do przodu,\n\u2022\u00a0Jedno czerwone \u015bwiat\u0142o \u2013 stoisz prawid\u0142owo,\n\u2022\u00a0\u017b\u00f3\u0142te + czerwone \u015bwiat\u0142o \u2013 wycofaj do czerwonego.\nPo prawid\u0142owym ustawieniu si\u0119 pojazdu, kierowca czeka na rozpocz\u0119cie procedury startowej na sygnalizatorze. Sygnalizator wy\u015bwietla sekwencj\u0119 \u015bwiate\u0142 a\u017c do zielonego, po kt\u00f3rym zawodnik rusza. Nie uwzgl\u0119dnia si\u0119 falstart\u00f3w.\nCzas jest liczony od przekroczenia przez prz\u00f3d pojazdu wi\u0105zki pomi\u0119dzy fotocelami, niezale\u017cnie od wskaza\u0144 sygnalizatora.\nStart r\u0119czny dokonywany jest przez s\u0119dziego. Kierowca ustawia si\u0119 na podstawie polece\u0144 s\u0119dziego.\nProcedura startowa odbywa si\u0119 \u201ez r\u0119ki\u201d wraz ze s\u0142ownym odliczaniem: 5, 4, 3, 2, 1. Ruszenie w trakcie trwania procedury startowej powoduje wykluczenie.\nStart (liczenie czasu) nast\u0119puje w momencie podniesienia przez s\u0119dziego r\u0119ki.\nOrganizator nie uwzgl\u0119dnia w pomiarach czasu reakcji RT.<\/li>\n\n\n \t\n\n<li style=\"text-align: justify;\">Uczestnik pokonuje tras\u0119 pr\u00f3by na podstawie jednoznacznie i niezmiennie wytyczonej trasy. Nie przejechanie trasy w spos\u00f3b wyznaczony przez organizatora skutkuje niezaliczeniem przejazdu.\nNiezaliczenie przejazdu stosuje si\u0119 r\u00f3wnie\u017c w przypadku uczestnik\u00f3w, kt\u00f3rzy nie dojad\u0105 do mety.\nOrganizator przewiduje wykluczenie zawodnika z pr\u00f3by za jazd\u0119 zagra\u017caj\u0105c\u0105 bezpiecze\u0144stwu os\u00f3b znajduj\u0105cych si\u0119 na terenie rozgrywania pr\u00f3by.<\/li>\n\n\n \t\n\n<li style=\"text-align: justify;\">Uczestnik ko\u0144czy pr\u00f3b\u0119 poprzez przejechanie linii mety lotnej. Organizator nie przewiduje mety stop.\nPodczas pomiaru elektronicznego, zatrzymanie czasu nast\u0119puje przez przekroczenie przez prz\u00f3d pojazdu wi\u0105zki pomi\u0119dzy fotocelami.\nPodczas pomiaru r\u0119cznego, zatrzymanie czasu nast\u0119puje w momencie\u00a0przejazdu przez lini\u0119 mety.<\/li>\n\n\n \t\n\n<li>Je\u017celi uczestnik poprawnie spe\u0142ni\u0142 warunki punkt\u00f3w 7,8,9, pr\u00f3b\u0119 uwa\u017ca si\u0119 za uko\u0144czon\u0105.<\/li>\n\n\n \t\n\n<li>W trakcie rundy zawodnicy uzyskuj\u0105\u00a0czasy przejazd\u00f3w. Ka\u017cdy lepszy czas anuluje gorszy.\nTytu\u0142 \"Najlepszego z najlepszych\" otrzymuje jeden zawodnik, kt\u00f3ry uzyska najlepszy czas w klasie od 1251cm3 w ca\u0142ym sezonie.\nTytu\u0142 \"Najlepszego z najlepszych mini\" otrzymuje jeden zawodnik, kt\u00f3ry uzyska najlepszy czas w klasie do 1250cm3 w ca\u0142ym sezonie.<\/li>\n\n\n \t\n\n<li>Organizator ma prawo do stosowania kar w sytuacjach nie uj\u0119tych niniejszym regulaminem.<\/li>\n\n\n \t\n\n<li style=\"text-align: justify;\">Organizator rozpatruje protesty oraz spory w trybie natychmiastowym.<\/li>\n\n\n \t\n\n<li style=\"text-align: justify;\">Nie stosowanie si\u0119 os\u00f3b przebywaj\u0105cych na terenie pr\u00f3by do polece\u0144 organizatora, b\u0119dzie skutkowa\u0142o wydaleniem z terenu rozgrywania pr\u00f3by.<\/li>\n\n\n \t\n\n<li style=\"text-align: justify;\">Organizator dok\u0142ada wszelkich stara\u0144 dla zape\u0142nienia maksymalnego bezpiecze\u0144stwa uczestnik\u00f3w imprezy a tak\u017ce os\u00f3b trzecich. Uczestnicy bior\u0105 udzia\u0142 w pr\u00f3bie na w\u0142asne ryzyko i odpowiedzialno\u015b\u0107. Organizator nie przyjmuje na siebie odpowiedzialno\u015bci za szkody i straty w stosunku do uczestnik\u00f3w, ich sprz\u0119tu jak r\u00f3wnie\u017c za spowodowanie przez uczestnik\u00f3w po\u015brednio lub bezpo\u015brednio szkody i straty w stosunku do os\u00f3b trzecich, ich mienia a tak\u017ce ich zdrowia i \u017cycia.<\/li>\n\n\n \t\n\n<li style=\"text-align: justify;\">W sprawach, kt\u00f3re nie zosta\u0142y uj\u0119te w niniejszym regulaminie, obowi\u0105zuje:\n\u2022\u00a0Komunikat organizacyjny biura imprezy,\n\u2022\u00a0Kodeks Cywilny.<\/li>\n\n\n \t\n\n<li style=\"text-align: justify;\">Organizator zastrzega sobie prawo do odwo\u0142ania pr\u00f3by.<\/li>\n\n\n \t\n\n<li style=\"text-align: justify;\">Organizator zwraca wpisowe tylko w przypadku zdarze\u0144 niezale\u017cnych od niego, zawodnika jak i innych.<\/li>\n\n\n \t\n\n<li style=\"text-align: justify;\">Organizator zastrzega sobie prawo do zmiany i interpretacji niniejszego regulaminu.<\/li>\n\n\n<\/ol>\n\n\n--><\/p>\n","protected":false},"excerpt":{"rendered":"<p>Regulamin ramowy MO\u0141 w KJS 2022 Regulamin uzupe\u0142niaj\u0105cy 1 Runda MO\u0141 2022<\/p>\n","protected":false},"author":1,"featured_media":0,"parent":0,"menu_order":0,"comment_status":"open","ping_status":"open","template":"","meta":{"footnotes":""},"class_list":["post-76","page","type-page","status-publish","hentry"],"_links":{"self":[{"href":"https:\/\/automobilklublodzki.pl\/sprint\/wp-json\/wp\/v2\/pages\/76","targetHints":{"allow":["GET"]}}],"collection":[{"href":"https:\/\/automobilklublodzki.pl\/sprint\/wp-json\/wp\/v2\/pages"}],"about":[{"href":"https:\/\/automobilklublodzki.pl\/sprint\/wp-json\/wp\/v2\/types\/page"}],"author":[{"embeddable":true,"href":"https:\/\/automobilklublodzki.pl\/sprint\/wp-json\/wp\/v2\/users\/1"}],"replies":[{"embeddable":true,"href":"https:\/\/automobilklublodzki.pl\/sprint\/wp-json\/wp\/v2\/comments?post=76"}],"version-history":[{"count":39,"href":"https:\/\/automobilklublodzki.pl\/sprint\/wp-json\/wp\/v2\/pages\/76\/revisions"}],"predecessor-version":[{"id":989,"href":"https:\/\/automobilklublodzki.pl\/sprint\/wp-json\/wp\/v2\/pages\/76\/revisions\/989"}],"wp:attachment":[{"href":"https:\/\/automobilklublodzki.pl\/sprint\/wp-json\/wp\/v2\/media?parent=76"}],"curies":[{"name":"wp","href":"https:\/\/api.w.org\/{rel}","templated":true}]}}