{"id":79,"date":"2015-02-26T13:40:19","date_gmt":"2015-02-26T12:40:19","guid":{"rendered":"http:\/\/automobilklublodzki.pl\/kzk\/?page_id=79"},"modified":"2018-06-06T09:09:04","modified_gmt":"2018-06-06T07:09:04","slug":"galerie","status":"publish","type":"page","link":"https:\/\/automobilklublodzki.pl\/sprint\/galerie\/","title":{"rendered":"GALERIE"},"content":{"rendered":"<p>Prosimy o umieszczanie link\u00f3w do galerii w komentarzach do wynik\u00f3w na naszym profilu @ Facebook.<\/p>\n<p>Najciekawsze z nich umie\u015bcimy tu.<\/p>\n<h3 style=\"text-align: center;\">Sezon 2018<\/h3>\n<p><a href=\"https:\/\/www.flickr.com\/photos\/105451773@N07\/sets\/72157688688313720\/with\/40707079512\/\" target=\"_blank\" rel=\"noopener\"><img loading=\"lazy\" decoding=\"async\" class=\"size-full wp-image-630 alignnone\" src=\"https:\/\/automobilklublodzki.pl\/sprint\/wp-content\/uploads\/2018\/03\/118.jpg\" alt=\"\" width=\"280\" height=\"116\" \/><\/a><\/p>\n<h3 style=\"text-align: center;\">Sezon 2017<\/h3>\n<p><a href=\"https:\/\/web.facebook.com\/pg\/KrzysztofKocanskiFotografia\/photos\/?tab=album&amp;album_id=1873088146312873\" target=\"_blank\" rel=\"noopener\"><img loading=\"lazy\" decoding=\"async\" class=\" size-medium wp-image-238 alignnone\" src=\"https:\/\/automobilklublodzki.pl\/sprint\/wp-content\/uploads\/2015\/02\/gal1_17.jpg\" alt=\"gal1\" width=\"280\" height=\"116\" \/><\/a><\/p>\n<h3 style=\"text-align: center;\">Sezon 2016<\/h3>\n<p><a href=\"https:\/\/web.facebook.com\/KrzysztofKocanskiFotografia\/photos\/?tab=album&amp;album_id=1697373410551015\" target=\"_blank\" rel=\"noopener\"><img loading=\"lazy\" decoding=\"async\" class=\" size-medium wp-image-238 alignnone\" src=\"https:\/\/automobilklublodzki.pl\/sprint\/wp-content\/uploads\/2015\/02\/gal2.jpg\" alt=\"gal2\" width=\"280\" height=\"116\" \/><\/a><a href=\"https:\/\/web.facebook.com\/marcin.zaremba.9847\/media_set?set=a.1674570572782068.1073741842.100006874233736&amp;type=3\" target=\"_blank\" rel=\"noopener\"><img loading=\"lazy\" decoding=\"async\" class=\" size-medium wp-image-238 alignnone\" src=\"https:\/\/automobilklublodzki.pl\/sprint\/wp-content\/uploads\/2015\/02\/gal11.jpg\" alt=\"gal1\" width=\"280\" height=\"116\" \/><\/a><\/p>\n<h3 style=\"text-align: center;\">\u00a0Sezon 2015<\/h3>\n<p><a href=\"https:\/\/web.facebook.com\/media\/set\/?set=a.955200484518756.1073741831.953138188058319&amp;type=3\" target=\"_blank\" rel=\"noopener\"><img loading=\"lazy\" decoding=\"async\" class=\" size-medium wp-image-238 alignnone\" src=\"https:\/\/automobilklublodzki.pl\/sprint\/wp-content\/uploads\/2015\/02\/gal7.jpg\" alt=\"gal7\" width=\"280\" height=\"116\" \/><\/a><a href=\"http:\/\/automobilklublodzki.pl\/vi-runda-kzk-o-puchar-al-wyniki-foto\/\" target=\"_blank\" rel=\"noopener\"><img loading=\"lazy\" decoding=\"async\" class=\" size-medium wp-image-238 alignnone\" src=\"https:\/\/automobilklublodzki.pl\/sprint\/wp-content\/uploads\/2015\/02\/gal6.jpg\" alt=\"gal6\" width=\"280\" height=\"116\" \/><\/a><a href=\"https:\/\/web.facebook.com\/media\/set\/?set=a.875392539199080.1073741840.341561042582235&amp;type=3\" target=\"_blank\" rel=\"noopener\"><img loading=\"lazy\" decoding=\"async\" class=\" size-medium wp-image-238 alignnone\" src=\"https:\/\/automobilklublodzki.pl\/sprint\/wp-content\/uploads\/2015\/02\/gal5.jpg\" alt=\"gal5\" width=\"280\" height=\"116\" \/><\/a><a href=\"http:\/\/ddlodz.pl\/iv-runda-kzk-na-lodzkim-motodromie-zdjecia\/\" target=\"_blank\" rel=\"noopener\"><img loading=\"lazy\" decoding=\"async\" class=\" size-medium wp-image-238 alignnone\" src=\"https:\/\/automobilklublodzki.pl\/sprint\/wp-content\/uploads\/2015\/02\/gal4.jpg\" alt=\"gal4\" width=\"280\" height=\"116\" \/><\/a><a href=\"http:\/\/automobilklublodzki.pl\/iii-runda-kzk-o-puchar-al-wyniki-foto\/\" target=\"_blank\" rel=\"noopener\"><img loading=\"lazy\" decoding=\"async\" class=\" size-full wp-image-237 alignnone\" src=\"https:\/\/automobilklublodzki.pl\/sprint\/wp-content\/uploads\/2015\/02\/gal3.jpg\" alt=\"gal3\" width=\"280\" height=\"116\" \/><\/a><a href=\"https:\/\/www.facebook.com\/media\/set\/?set=a.890269760995787.1073741860.554417367914363&amp;type=3\" target=\"_blank\" rel=\"noopener\"><img loading=\"lazy\" decoding=\"async\" class=\" size-full wp-image-206 alignnone\" src=\"https:\/\/automobilklublodzki.pl\/sprint\/wp-content\/uploads\/2015\/02\/gal21.jpg\" alt=\"gal2\" width=\"280\" height=\"116\" \/><\/a><a href=\"https:\/\/www.facebook.com\/media\/set\/?set=a.1544842585804099.1073741829.1530470713907953&amp;type=3\" target=\"_blank\" rel=\"noopener\"><img loading=\"lazy\" decoding=\"async\" class=\" size-full wp-image-207 alignnone\" src=\"https:\/\/automobilklublodzki.pl\/sprint\/wp-content\/uploads\/2015\/02\/gal111.jpg\" alt=\"gal11\" width=\"280\" height=\"116\" \/><\/a><\/p>\n","protected":false},"excerpt":{"rendered":"<p>Prosimy o umieszczanie link\u00f3w do galerii w komentarzach do wynik\u00f3w na naszym profilu @ Facebook. Najciekawsze z nich umie\u015bcimy tu. Sezon 2018 Sezon 2017 Sezon 2016 \u00a0Sezon 2015<\/p>\n","protected":false},"author":1,"featured_media":0,"parent":0,"menu_order":0,"comment_status":"open","ping_status":"open","template":"","meta":{"footnotes":""},"class_list":["post-79","page","type-page","status-publish","hentry"],"_links":{"self":[{"href":"https:\/\/automobilklublodzki.pl\/sprint\/wp-json\/wp\/v2\/pages\/79","targetHints":{"allow":["GET"]}}],"collection":[{"href":"https:\/\/automobilklublodzki.pl\/sprint\/wp-json\/wp\/v2\/pages"}],"about":[{"href":"https:\/\/automobilklublodzki.pl\/sprint\/wp-json\/wp\/v2\/types\/page"}],"author":[{"embeddable":true,"href":"https:\/\/automobilklublodzki.pl\/sprint\/wp-json\/wp\/v2\/users\/1"}],"replies":[{"embeddable":true,"href":"https:\/\/automobilklublodzki.pl\/sprint\/wp-json\/wp\/v2\/comments?post=79"}],"version-history":[{"count":28,"href":"https:\/\/automobilklublodzki.pl\/sprint\/wp-json\/wp\/v2\/pages\/79\/revisions"}],"predecessor-version":[{"id":675,"href":"https:\/\/automobilklublodzki.pl\/sprint\/wp-json\/wp\/v2\/pages\/79\/revisions\/675"}],"wp:attachment":[{"href":"https:\/\/automobilklublodzki.pl\/sprint\/wp-json\/wp\/v2\/media?parent=79"}],"curies":[{"name":"wp","href":"https:\/\/api.w.org\/{rel}","templated":true}]}}