{"id":91,"date":"2015-02-26T14:55:53","date_gmt":"2015-02-26T13:55:53","guid":{"rendered":"http:\/\/automobilklublodzki.pl\/kzk\/?page_id=91"},"modified":"2025-09-12T22:17:31","modified_gmt":"2025-09-12T20:17:31","slug":"komunikaty","status":"publish","type":"page","link":"https:\/\/automobilklublodzki.pl\/sprint\/komunikaty\/","title":{"rendered":"KOMUNIKATY"},"content":{"rendered":"<p>Brak bie\u017c\u0105cych komunikat\u00f3w<\/p>\n","protected":false},"excerpt":{"rendered":"<p>Brak bie\u017c\u0105cych komunikat\u00f3w<\/p>\n","protected":false},"author":1,"featured_media":0,"parent":0,"menu_order":0,"comment_status":"open","ping_status":"open","template":"","meta":{"footnotes":""},"class_list":["post-91","page","type-page","status-publish","hentry"],"_links":{"self":[{"href":"https:\/\/automobilklublodzki.pl\/sprint\/wp-json\/wp\/v2\/pages\/91","targetHints":{"allow":["GET"]}}],"collection":[{"href":"https:\/\/automobilklublodzki.pl\/sprint\/wp-json\/wp\/v2\/pages"}],"about":[{"href":"https:\/\/automobilklublodzki.pl\/sprint\/wp-json\/wp\/v2\/types\/page"}],"author":[{"embeddable":true,"href":"https:\/\/automobilklublodzki.pl\/sprint\/wp-json\/wp\/v2\/users\/1"}],"replies":[{"embeddable":true,"href":"https:\/\/automobilklublodzki.pl\/sprint\/wp-json\/wp\/v2\/comments?post=91"}],"version-history":[{"count":21,"href":"https:\/\/automobilklublodzki.pl\/sprint\/wp-json\/wp\/v2\/pages\/91\/revisions"}],"predecessor-version":[{"id":1027,"href":"https:\/\/automobilklublodzki.pl\/sprint\/wp-json\/wp\/v2\/pages\/91\/revisions\/1027"}],"wp:attachment":[{"href":"https:\/\/automobilklublodzki.pl\/sprint\/wp-json\/wp\/v2\/media?parent=91"}],"curies":[{"name":"wp","href":"https:\/\/api.w.org\/{rel}","templated":true}]}}